{"id":857,"date":"2020-06-08T04:28:25","date_gmt":"2020-06-08T04:28:25","guid":{"rendered":"http:\/\/www.juridicasysociales.utalca.cl\/?page_id=857"},"modified":"2025-04-29T13:27:46","modified_gmt":"2025-04-29T13:27:46","slug":"cedularios-examen-de-licenciatura","status":"publish","type":"page","link":"https:\/\/www.juridicasysociales.utalca.cl\/?page_id=857","title":{"rendered":"Cedularios Examen de Licenciatura"},"content":{"rendered":"<p>Al momento de la inscripci\u00f3n del Examen de Licenciatura, el egresado deber\u00e1 inscribir la tercera disciplina jur\u00eddica en que ser\u00e1 examinado.<\/p>\n<!-- AddThis Advanced Settings generic via filter on the_content --><!-- AddThis Share Buttons generic via filter on the_content -->","protected":false},"excerpt":{"rendered":"<p>Al momento de la inscripci\u00f3n del Examen de Licenciatura, el egresado deber\u00e1 [&hellip;]<!-- AddThis Advanced Settings generic via filter on get_the_excerpt --><!-- AddThis Share Buttons generic via filter on get_the_excerpt --><\/p>\n","protected":false},"author":1,"featured_media":0,"parent":846,"menu_order":8,"comment_status":"closed","ping_status":"closed","template":"page-secretaria.php","meta":[],"_links":{"self":[{"href":"https:\/\/www.juridicasysociales.utalca.cl\/index.php?rest_route=\/wp\/v2\/pages\/857"}],"collection":[{"href":"https:\/\/www.juridicasysociales.utalca.cl\/index.php?rest_route=\/wp\/v2\/pages"}],"about":[{"href":"https:\/\/www.juridicasysociales.utalca.cl\/index.php?rest_route=\/wp\/v2\/types\/page"}],"author":[{"embeddable":true,"href":"https:\/\/www.juridicasysociales.utalca.cl\/index.php?rest_route=\/wp\/v2\/users\/1"}],"replies":[{"embeddable":true,"href":"https:\/\/www.juridicasysociales.utalca.cl\/index.php?rest_route=%2Fwp%2Fv2%2Fcomments&post=857"}],"version-history":[{"count":10,"href":"https:\/\/www.juridicasysociales.utalca.cl\/index.php?rest_route=\/wp\/v2\/pages\/857\/revisions"}],"predecessor-version":[{"id":4591,"href":"https:\/\/www.juridicasysociales.utalca.cl\/index.php?rest_route=\/wp\/v2\/pages\/857\/revisions\/4591"}],"up":[{"embeddable":true,"href":"https:\/\/www.juridicasysociales.utalca.cl\/index.php?rest_route=\/wp\/v2\/pages\/846"}],"wp:attachment":[{"href":"https:\/\/www.juridicasysociales.utalca.cl\/index.php?rest_route=%2Fwp%2Fv2%2Fmedia&parent=857"}],"curies":[{"name":"wp","href":"https:\/\/api.w.org\/{rel}","templated":true}]}}